{"id":25,"date":"2016-09-10T18:09:28","date_gmt":"2016-09-10T18:09:28","guid":{"rendered":"http:\/\/www.csavarhaz.hu\/?page_id=25"},"modified":"2017-04-02T20:49:16","modified_gmt":"2017-04-02T18:49:16","slug":"termekeink","status":"publish","type":"page","link":"https:\/\/www.csavarhaz.hu\/?page_id=25","title":{"rendered":"Term\u00e9keink"},"content":{"rendered":"<div class=\"ezcol ezcol-one-half\">\n<p><strong>A csavarboltban kaphat\u00f3:<\/strong><\/p>\n<ul>\n<li>Metrikus csavarok:<\/li>\n<li>M2-t\u0151l&#8230;.. M30-ig<\/li>\n<li>8.8 ; 10.9 ; 12.9 min\u0151s\u00e9gben\n<ul>\n<li>hatlapfej\u0171<\/li>\n<li>hengeres fej\u0171<\/li>\n<li>s\u00fcllyesztett fej\u0171<\/li>\n<li>bels\u0151kulcs-<br \/>\nny\u00edl\u00e1s\u00fa<\/li>\n<\/ul>\n<\/li>\n<li>Menetes sz\u00e1lak<\/li>\n<li>Kapup\u00e1nt csavarok<\/li>\n<li>Rozsdamentes \u00e9s sav\u00e1ll\u00f3 csavarok<\/li>\n<li>Forg\u00e1cslap csavarok<\/li>\n<li>Gipszkarton csavarok<\/li>\n<li>Lemezcsavarok<\/li>\n<li>\u00c1llv\u00e1nycsavarok<\/li>\n<li>Tokr\u00f6gz\u00edt\u0151 csavarok<\/li>\n<li>Csavarany\u00e1k<\/li>\n<li>Popszegecsek<\/li>\n<li>Al\u00e1t\u00e9tek<\/li>\n<li>Huzalszegek<\/li>\n<li>Tiplik, f\u00e9md\u0171belek, alapcsavarok<\/li>\n<li>Elektr\u00f3d\u00e1k<\/li>\n<li>Munkav\u00e9delmi keszty\u0171k,- szem\u00fcvegek,<\/li>\n<li>-bakancsok<\/li>\n<li>V\u00e1g\u00f3 \u00e9s csiszol\u00f3 korongok<\/li>\n<li>Cs\u0151bilincsek<\/li>\n<li>F\u00e9m \u00e9s fa csigaf\u00far\u00f3k<\/li>\n<li>Betonf\u00far\u00f3k<\/li>\n<li>Hungarocell tiplik<\/li>\n<\/ul>\n<\/div> <div class=\"ezcol ezcol-one-half ezcol-last\">\n<p><a href=\"http:\/\/www.csavarhaz.hu\/wp-content\/uploads\/2016\/09\/IMG_20160120_125748.jpg\"><img decoding=\"async\" loading=\"lazy\" class=\"alignnone size-medium wp-image-49 aligncenter\" src=\"http:\/\/www.csavarhaz.hu\/wp-content\/uploads\/2016\/09\/SDC10189-300x225.jpg\" alt=\"SDC10189\" width=\"300\" height=\"225\" srcset=\"https:\/\/www.csavarhaz.hu\/wp-content\/uploads\/2016\/09\/SDC10189-300x225.jpg 300w, https:\/\/www.csavarhaz.hu\/wp-content\/uploads\/2016\/09\/SDC10189-1024x768.jpg 1024w\" sizes=\"(max-width: 300px) 100vw, 300px\" \/><br \/>\n<img decoding=\"async\" loading=\"lazy\" class=\"alignnone wp-image-50 size-medium aligncenter\" src=\"http:\/\/www.csavarhaz.hu\/wp-content\/uploads\/2016\/09\/IMG_20160120_125748-e1473532854968-225x300.jpg\" alt=\"IMG_20160120_125748\" width=\"225\" height=\"300\" srcset=\"https:\/\/www.csavarhaz.hu\/wp-content\/uploads\/2016\/09\/IMG_20160120_125748-e1473532854968-225x300.jpg 225w, https:\/\/www.csavarhaz.hu\/wp-content\/uploads\/2016\/09\/IMG_20160120_125748-e1473532854968-768x1024.jpg 768w, https:\/\/www.csavarhaz.hu\/wp-content\/uploads\/2016\/09\/IMG_20160120_125748-e1473532854968.jpg 1920w\" sizes=\"(max-width: 225px) 100vw, 225px\" \/><\/a><\/p>\n<p><a href=\"http:\/\/www.csavarhaz.hu\/wp-content\/uploads\/2016\/09\/SDC10188.jpg\"><img decoding=\"async\" loading=\"lazy\" class=\"size-medium wp-image-48 aligncenter\" src=\"http:\/\/www.csavarhaz.hu\/wp-content\/uploads\/2016\/09\/SDC10188-300x225.jpg\" alt=\"SDC10188\" width=\"300\" height=\"225\" srcset=\"https:\/\/www.csavarhaz.hu\/wp-content\/uploads\/2016\/09\/SDC10188-300x225.jpg 300w, https:\/\/www.csavarhaz.hu\/wp-content\/uploads\/2016\/09\/SDC10188-1024x768.jpg 1024w\" sizes=\"(max-width: 300px) 100vw, 300px\" \/><br \/>\n<\/a><\/p>\n<p><a href=\"http:\/\/www.csavarhaz.hu\/wp-content\/uploads\/2016\/09\/IMG_20160120_125727.jpg\"><img decoding=\"async\" loading=\"lazy\" class=\"alignnone size-medium wp-image-18 aligncenter\" src=\"http:\/\/www.csavarhaz.hu\/wp-content\/uploads\/2016\/09\/IMG_20160120_125727-300x225.jpg\" alt=\"IMG_20160120_125727\" width=\"300\" height=\"225\" srcset=\"https:\/\/www.csavarhaz.hu\/wp-content\/uploads\/2016\/09\/IMG_20160120_125727-300x225.jpg 300w, https:\/\/www.csavarhaz.hu\/wp-content\/uploads\/2016\/09\/IMG_20160120_125727-1024x768.jpg 1024w\" sizes=\"(max-width: 300px) 100vw, 300px\" \/><br \/>\n<\/a><\/p>\n<p><a href=\"http:\/\/www.csavarhaz.hu\/wp-content\/uploads\/2016\/09\/SDC10195.jpg\"><img decoding=\"async\" loading=\"lazy\" class=\"alignnone size-medium wp-image-17 aligncenter\" src=\"http:\/\/www.csavarhaz.hu\/wp-content\/uploads\/2016\/09\/SDC10195-300x225.jpg\" alt=\"SDC10195\" width=\"300\" height=\"225\" srcset=\"https:\/\/www.csavarhaz.hu\/wp-content\/uploads\/2016\/09\/SDC10195-300x225.jpg 300w, https:\/\/www.csavarhaz.hu\/wp-content\/uploads\/2016\/09\/SDC10195-1024x768.jpg 1024w\" sizes=\"(max-width: 300px) 100vw, 300px\" \/><br \/>\n<\/a><\/p>\n<p><a href=\"http:\/\/www.csavarhaz.hu\/wp-content\/uploads\/2016\/09\/SDC10190.jpg\"><img decoding=\"async\" loading=\"lazy\" class=\"alignnone size-medium wp-image-16 aligncenter\" src=\"http:\/\/www.csavarhaz.hu\/wp-content\/uploads\/2016\/09\/SDC10190-300x225.jpg\" alt=\"SDC10190\" width=\"300\" height=\"225\" srcset=\"https:\/\/www.csavarhaz.hu\/wp-content\/uploads\/2016\/09\/SDC10190-300x225.jpg 300w, https:\/\/www.csavarhaz.hu\/wp-content\/uploads\/2016\/09\/SDC10190-1024x768.jpg 1024w\" sizes=\"(max-width: 300px) 100vw, 300px\" \/><br \/>\n<\/a><\/p>\n<p><a href=\"http:\/\/www.csavarhaz.hu\/wp-content\/uploads\/2016\/09\/SDC10191.jpg\"><img decoding=\"async\" loading=\"lazy\" class=\"alignnone size-medium wp-image-15 aligncenter\" src=\"http:\/\/www.csavarhaz.hu\/wp-content\/uploads\/2016\/09\/SDC10191-300x225.jpg\" alt=\"SDC10191\" width=\"300\" height=\"225\" srcset=\"https:\/\/www.csavarhaz.hu\/wp-content\/uploads\/2016\/09\/SDC10191-300x225.jpg 300w, https:\/\/www.csavarhaz.hu\/wp-content\/uploads\/2016\/09\/SDC10191-1024x768.jpg 1024w\" sizes=\"(max-width: 300px) 100vw, 300px\" \/><\/a><\/p>\n<p>&nbsp;<\/p>\n<p><strong>\u00a0\u00a0\u00a0\u00a0\u00a0\u00a0\u00a0\u00a0\u00a0\u00a0\u00a0\u00a0\u00a0\u00a0\u00a0\u00a0\u00a0\u00a0\u00a0\u00a0\u00a0\u00a0\u00a0\u00a0\u00a0\u00a0 Csavarh\u00e1z &#8211; Kazincbarcika<br \/>\n<\/strong><\/p>\n<\/div><div class=\"ezcol-divider\"><\/div><\/p>\n","protected":false},"excerpt":{"rendered":"","protected":false},"author":1,"featured_media":0,"parent":0,"menu_order":0,"comment_status":"closed","ping_status":"closed","template":"","meta":[],"_links":{"self":[{"href":"https:\/\/www.csavarhaz.hu\/index.php?rest_route=\/wp\/v2\/pages\/25"}],"collection":[{"href":"https:\/\/www.csavarhaz.hu\/index.php?rest_route=\/wp\/v2\/pages"}],"about":[{"href":"https:\/\/www.csavarhaz.hu\/index.php?rest_route=\/wp\/v2\/types\/page"}],"author":[{"embeddable":true,"href":"https:\/\/www.csavarhaz.hu\/index.php?rest_route=\/wp\/v2\/users\/1"}],"replies":[{"embeddable":true,"href":"https:\/\/www.csavarhaz.hu\/index.php?rest_route=%2Fwp%2Fv2%2Fcomments&post=25"}],"version-history":[{"count":31,"href":"https:\/\/www.csavarhaz.hu\/index.php?rest_route=\/wp\/v2\/pages\/25\/revisions"}],"predecessor-version":[{"id":140,"href":"https:\/\/www.csavarhaz.hu\/index.php?rest_route=\/wp\/v2\/pages\/25\/revisions\/140"}],"wp:attachment":[{"href":"https:\/\/www.csavarhaz.hu\/index.php?rest_route=%2Fwp%2Fv2%2Fmedia&parent=25"}],"curies":[{"name":"wp","href":"https:\/\/api.w.org\/{rel}","templated":true}]}}