{"id":28,"date":"2016-09-10T18:09:40","date_gmt":"2016-09-10T18:09:40","guid":{"rendered":"http:\/\/www.csavarhaz.hu\/?page_id=28"},"modified":"2023-03-02T21:21:06","modified_gmt":"2023-03-02T19:21:06","slug":"kapcsolat","status":"publish","type":"page","link":"http:\/\/www.csavarhaz.hu\/?page_id=28","title":{"rendered":"Kapcsolat"},"content":{"rendered":"<p><strong>Csavarh\u00e1z<\/strong><\/p>\n<p>3700. Kazincbarcika M\u00e1ty\u00e1s kir\u00e1ly \u00fat 44-48.<br \/>\nTelefon: 30\/ 854-0185<br \/>\ne-mail: info@csavarhaz.hu<br \/>\nkapcsolattart\u00f3: S\u00e1nta P\u00e9tern\u00e9 \u00fczletvezet\u0151<\/p>\n","protected":false},"excerpt":{"rendered":"<p>Csavarh\u00e1z 3700. Kazincbarcika M\u00e1ty\u00e1s kir\u00e1ly \u00fat 44-48. Telefon: 30\/ 854-0185 e-mail: info@csavarhaz.hu kapcsolattart\u00f3: S\u00e1nta P\u00e9tern\u00e9 \u00fczletvezet\u0151<\/p>\n","protected":false},"author":1,"featured_media":0,"parent":0,"menu_order":0,"comment_status":"closed","ping_status":"closed","template":"","meta":[],"_links":{"self":[{"href":"http:\/\/www.csavarhaz.hu\/index.php?rest_route=\/wp\/v2\/pages\/28"}],"collection":[{"href":"http:\/\/www.csavarhaz.hu\/index.php?rest_route=\/wp\/v2\/pages"}],"about":[{"href":"http:\/\/www.csavarhaz.hu\/index.php?rest_route=\/wp\/v2\/types\/page"}],"author":[{"embeddable":true,"href":"http:\/\/www.csavarhaz.hu\/index.php?rest_route=\/wp\/v2\/users\/1"}],"replies":[{"embeddable":true,"href":"http:\/\/www.csavarhaz.hu\/index.php?rest_route=%2Fwp%2Fv2%2Fcomments&post=28"}],"version-history":[{"count":8,"href":"http:\/\/www.csavarhaz.hu\/index.php?rest_route=\/wp\/v2\/pages\/28\/revisions"}],"predecessor-version":[{"id":146,"href":"http:\/\/www.csavarhaz.hu\/index.php?rest_route=\/wp\/v2\/pages\/28\/revisions\/146"}],"wp:attachment":[{"href":"http:\/\/www.csavarhaz.hu\/index.php?rest_route=%2Fwp%2Fv2%2Fmedia&parent=28"}],"curies":[{"name":"wp","href":"https:\/\/api.w.org\/{rel}","templated":true}]}}